{"id":41,"date":"2023-05-15T18:11:05","date_gmt":"2023-05-15T18:11:05","guid":{"rendered":"https:\/\/gpv-aschheim.de\/?page_id=41"},"modified":"2026-03-17T20:58:00","modified_gmt":"2026-03-17T20:58:00","slug":"mougins","status":"publish","type":"page","link":"https:\/\/gpv-aschheim.de\/?page_id=41","title":{"rendered":"Mougins"},"content":{"rendered":"\n<h2 class=\"wp-block-heading\">Mougins \u2013 le vieux village<\/h2>\n\n\n\n<div class=\"wp-block-columns is-layout-flex wp-container-core-columns-is-layout-9d6595d7 wp-block-columns-is-layout-flex\">\n<div class=\"wp-block-column is-layout-flow wp-block-column-is-layout-flow\">\n<figure class=\"wp-block-image size-full\"><img loading=\"lazy\" decoding=\"async\" width=\"360\" height=\"480\" src=\"https:\/\/gpv-aschheim.de\/wp-content\/uploads\/2024\/01\/Mougins_Karte.jpg\" alt=\"\" class=\"wp-image-1117\"\/><\/figure>\n<\/div>\n\n\n\n<div class=\"wp-block-column is-layout-flow wp-block-column-is-layout-flow\">\n<figure class=\"wp-block-image size-full\"><img loading=\"lazy\" decoding=\"async\" width=\"360\" height=\"480\" src=\"https:\/\/gpv-aschheim.de\/wp-content\/uploads\/2023\/12\/Piccasso1.jpg\" alt=\"\" class=\"wp-image-1008\"\/><\/figure>\n<\/div>\n<\/div>\n\n\n\n<div class=\"wp-block-columns is-layout-flex wp-container-core-columns-is-layout-9d6595d7 wp-block-columns-is-layout-flex\">\n<div class=\"wp-block-column is-layout-flow wp-block-column-is-layout-flow\">\n<p>Mougins, die franz\u00f6sische Partnergemeinde Aschheims, hat eine privilegierte Lage und ist nur 8 Kilometer von der Parf\u00fcmstadt Grasse entfernt und in 15 Minuten erreicht man Cannes, die Festivalstadt am Meer, der C\u00f4te d\u2019Azur, gelegen in der Region Provence-Alpes-C\u00f4te d\u2019Azur im D\u00e9partement Alpes-Maritimes.<\/p>\n\n\n\n<p>Mougins hat \u00fcber 20.000 Einwohner und eine Ausdehnung von etwa 26 Quadratkilometern.<\/p>\n\n\n\n<p>Die ber\u00fchmte Altstadt auf dem ca. 270 m hohen H\u00fcgel besticht durch ihre wundersch\u00f6nen malerischen G\u00e4sschen und Pl\u00e4tze mit Galerien, mehr als 40 Restaurants (darunter auch solche mit begehrten Sternen), kleinen Boutiquen und sehenswerten Museen.<\/p>\n\n\n\n<p>Wie auch in Aschheim gehen die ersten Spuren menschlicher Besiedelung auf die neolithische Zeit vor ca. 4000 Jahren zur\u00fcck. Die Kontinuierlichkeit der Besiedelung auch in der Bronzezeit wird durch verschiedene Ausgrabungen bewiesen, sp\u00e4ter auch ab dem 1. Jahrhundert nach Christus. Mougins lag auf der Strecke der Via Aurelia, die Rom mit Arles verband. Bereits 1056 spendete der Graf von Antibes den Marktflecken dem Abt von L\u00e9rins und bis zur Revolution 1789 war seine Geschichte mit der des Abtes verbunden. Seit dem Mittelalter festigte sich und wuchs das St\u00e4dtchen, \u00fcberstand die Kriege und ist heute ein wichtiger touristischer Ort, der vor allem als Zentrum der franz\u00f6sischen Gastronomie gilt.<\/p>\n\n\n\n<p>Im Zentrum der Altstadt befindet sich die Kirche Saint-Jacques-le-Majeur aus dem 11. Jahrhundert, deren Glockenturm man seit kurzem besteigen kann. Im Mus\u00e9e de la Photographie finden sich Fotografien, die Picasso zeigen. Auch weitere K\u00fcnstler wie Jean Cocteau, Man Ray, Edith Piaf, Fernand Leger und viele andere haben hier ihre Spuren hinterlassen. Das Mus\u00e9e d\u2019Art Classique de Mougins vereint klassische Kunst mit moderner, oft in direktem Vergleich. Auch das ehemalige mittelalterliche Waschhaus, das als Kunsthalle dient, ist einen Besuch wert. Einmal im Jahr gibt es eine \u201eMonumentale\u201c, bei der Skulpturen \u00fcberall in der Altstadt im Freien besichtigt werden k\u00f6nnen.<\/p>\n\n\n\n<p>Auch der Sport kommt in Mougins nicht zu kurz: Im Naturschutzgebiet Valmasque gibt es Lauf- und Mountainbike-Strecken und Golf kann auf zwei verschiedenen Pl\u00e4tzen gespielt werden. Hier bieten sich auch ausgedehnte Spazierg\u00e4nge in den Pinien- und Eichenw\u00e4ldern an.<\/p>\n\n\n\n<p>Ebenfalls im Valmasque befindet sich der Etang de Fontmerle, ein ausgedehnter Weiher, wo j\u00e4hrlich eine riesige Lotusbl\u00fctenfl\u00e4che zu bewundern ist.<\/p>\n\n\n\n<p>Nicht weit von hier ist die Kapelle \u201eChapelle Notre-Dame-de-Vie\u201c, in deren N\u00e4he sich der damalige letzte Wohnsitz von Pablo Picasso befindet.<\/p>\n\n\n\n<p>Im neuen Teil Mougins befinden sich Gesch\u00e4fte des t\u00e4glichen Lebens, Caf\u00e9s, kleine Boutiquen und auch das neu erbaute gro\u00dfe Kulturzentrum \u201eSc\u00e8ne 55\u201c, in dem Konzerte, Theater- Tanz- und Filmvorstellungen geboten werden. Hier ist auch die Musikschule Mougins beheimatet.<\/p>\n<\/div>\n<\/div>\n","protected":false},"excerpt":{"rendered":"<p>Mougins \u2013 le vieux village Mougins, die franz\u00f6sische Partnergemeinde Aschheims, hat eine privilegierte Lage und ist nur 8 Kilometer von der Parf\u00fcmstadt Grasse entfernt und in 15 Minuten erreicht man Cannes, die Festivalstadt am Meer, der C\u00f4te d\u2019Azur, gelegen in der Region Provence-Alpes-C\u00f4te d\u2019Azur im D\u00e9partement Alpes-Maritimes. Mougins hat \u00fcber 20.000 Einwohner und eine Ausdehnung [&hellip;]<\/p>\n","protected":false},"author":1,"featured_media":0,"parent":0,"menu_order":0,"comment_status":"closed","ping_status":"closed","template":"","meta":{"footnotes":""},"class_list":["post-41","page","type-page","status-publish","hentry","post"],"_links":{"self":[{"href":"https:\/\/gpv-aschheim.de\/index.php?rest_route=\/wp\/v2\/pages\/41","targetHints":{"allow":["GET"]}}],"collection":[{"href":"https:\/\/gpv-aschheim.de\/index.php?rest_route=\/wp\/v2\/pages"}],"about":[{"href":"https:\/\/gpv-aschheim.de\/index.php?rest_route=\/wp\/v2\/types\/page"}],"author":[{"embeddable":true,"href":"https:\/\/gpv-aschheim.de\/index.php?rest_route=\/wp\/v2\/users\/1"}],"replies":[{"embeddable":true,"href":"https:\/\/gpv-aschheim.de\/index.php?rest_route=%2Fwp%2Fv2%2Fcomments&post=41"}],"version-history":[{"count":11,"href":"https:\/\/gpv-aschheim.de\/index.php?rest_route=\/wp\/v2\/pages\/41\/revisions"}],"predecessor-version":[{"id":1223,"href":"https:\/\/gpv-aschheim.de\/index.php?rest_route=\/wp\/v2\/pages\/41\/revisions\/1223"}],"wp:attachment":[{"href":"https:\/\/gpv-aschheim.de\/index.php?rest_route=%2Fwp%2Fv2%2Fmedia&parent=41"}],"curies":[{"name":"wp","href":"https:\/\/api.w.org\/{rel}","templated":true}]}}