{"id":43,"date":"2023-05-15T18:11:30","date_gmt":"2023-05-15T18:11:30","guid":{"rendered":"https:\/\/gpv-aschheim.de\/?page_id=43"},"modified":"2023-07-30T20:11:26","modified_gmt":"2023-07-30T20:11:26","slug":"jedovnice","status":"publish","type":"page","link":"https:\/\/gpv-aschheim.de\/?page_id=43","title":{"rendered":"Jedovnice\/Kotvrdovice"},"content":{"rendered":"\n<div class=\"wp-block-columns is-layout-flex wp-container-core-columns-is-layout-9d6595d7 wp-block-columns-is-layout-flex\">\n<div class=\"wp-block-column is-layout-flow wp-block-column-is-layout-flow\">\n<p><\/p>\n\n\n\n<figure class=\"wp-block-image size-full\"><img loading=\"lazy\" decoding=\"async\" width=\"800\" height=\"490\" src=\"https:\/\/gpv-aschheim.de\/wp-content\/uploads\/2023\/05\/b-IMG_8951.jpg\" alt=\"\" class=\"wp-image-356\" srcset=\"https:\/\/gpv-aschheim.de\/wp-content\/uploads\/2023\/05\/b-IMG_8951.jpg 800w, https:\/\/gpv-aschheim.de\/wp-content\/uploads\/2023\/05\/b-IMG_8951-768x470.jpg 768w\" sizes=\"auto, (max-width: 800px) 100vw, 800px\" \/><\/figure>\n\n\n\n<h2 class=\"wp-block-heading\">Jedovnice<\/h2>\n\n\n\n<p>Die Gemeinden Jedovnice und Kotvrdovice liegen an der Ostgrenze des Naturschutzgebietes M\u00e4hrischer Karst mit den ber\u00fchmten H\u00f6hlen. Die n\u00e4chste Kreisstadt Blansko erreicht man nach 10 km, die zweitgr\u00f6\u00dfte Stadt Tschechiens Br\u00fcnn ist ca. 30 km entfernt.<\/p>\n<\/div>\n\n\n\n<div class=\"wp-block-column is-layout-flow wp-block-column-is-layout-flow\">\n<p><\/p>\n\n\n\n<figure class=\"wp-block-image size-full\"><img loading=\"lazy\" decoding=\"async\" width=\"800\" height=\"490\" src=\"https:\/\/gpv-aschheim.de\/wp-content\/uploads\/2023\/05\/b-IMG_8991.jpg\" alt=\"\" class=\"wp-image-358\" srcset=\"https:\/\/gpv-aschheim.de\/wp-content\/uploads\/2023\/05\/b-IMG_8991.jpg 800w, https:\/\/gpv-aschheim.de\/wp-content\/uploads\/2023\/05\/b-IMG_8991-768x470.jpg 768w\" sizes=\"auto, (max-width: 800px) 100vw, 800px\" \/><\/figure>\n\n\n\n<h2 class=\"wp-block-heading\">Kotvrdovice<\/h2>\n\n\n\n<p>Von Aschheim kann man entweder \u00fcber Pilsen und Prag nach Br\u00fcnn und weiter nach Jedovnice fahren, oder \u00fcber \u00d6sterreich und kommt dann s\u00fcdlich von Br\u00fcnn nach Tschechien. Beide Routen betragen gute 600 km.<\/p>\n<\/div>\n<\/div>\n","protected":false},"excerpt":{"rendered":"<p>Jedovnice Die Gemeinden Jedovnice und Kotvrdovice liegen an der Ostgrenze des Naturschutzgebietes M\u00e4hrischer Karst mit den ber\u00fchmten H\u00f6hlen. Die n\u00e4chste Kreisstadt Blansko erreicht man nach 10 km, die zweitgr\u00f6\u00dfte Stadt Tschechiens Br\u00fcnn ist ca. 30 km entfernt. Kotvrdovice Von Aschheim kann man entweder \u00fcber Pilsen und Prag nach Br\u00fcnn und weiter nach Jedovnice fahren, oder [&hellip;]<\/p>\n","protected":false},"author":1,"featured_media":0,"parent":0,"menu_order":0,"comment_status":"closed","ping_status":"closed","template":"","meta":{"footnotes":""},"class_list":["post-43","page","type-page","status-publish","hentry","post"],"_links":{"self":[{"href":"https:\/\/gpv-aschheim.de\/index.php?rest_route=\/wp\/v2\/pages\/43","targetHints":{"allow":["GET"]}}],"collection":[{"href":"https:\/\/gpv-aschheim.de\/index.php?rest_route=\/wp\/v2\/pages"}],"about":[{"href":"https:\/\/gpv-aschheim.de\/index.php?rest_route=\/wp\/v2\/types\/page"}],"author":[{"embeddable":true,"href":"https:\/\/gpv-aschheim.de\/index.php?rest_route=\/wp\/v2\/users\/1"}],"replies":[{"embeddable":true,"href":"https:\/\/gpv-aschheim.de\/index.php?rest_route=%2Fwp%2Fv2%2Fcomments&post=43"}],"version-history":[{"count":4,"href":"https:\/\/gpv-aschheim.de\/index.php?rest_route=\/wp\/v2\/pages\/43\/revisions"}],"predecessor-version":[{"id":664,"href":"https:\/\/gpv-aschheim.de\/index.php?rest_route=\/wp\/v2\/pages\/43\/revisions\/664"}],"wp:attachment":[{"href":"https:\/\/gpv-aschheim.de\/index.php?rest_route=%2Fwp%2Fv2%2Fmedia&parent=43"}],"curies":[{"name":"wp","href":"https:\/\/api.w.org\/{rel}","templated":true}]}}