{"id":684,"date":"2023-08-06T11:42:04","date_gmt":"2023-08-06T11:42:04","guid":{"rendered":"https:\/\/gpv-aschheim.de\/?page_id=684"},"modified":"2024-01-04T15:48:00","modified_gmt":"2024-01-04T15:48:00","slug":"entstehungsgescichte-l-a","status":"publish","type":"page","link":"https:\/\/gpv-aschheim.de\/?page_id=684","title":{"rendered":"Wie alles begann&#8230;"},"content":{"rendered":"\n<figure class=\"wp-block-image size-full\"><img loading=\"lazy\" decoding=\"async\" width=\"482\" height=\"642\" src=\"https:\/\/gpv-aschheim.de\/wp-content\/uploads\/2023\/12\/Ortsschild4.jpg\" alt=\"\" class=\"wp-image-993\"\/><\/figure>\n\n\n\n<p>Nach der Wiedervereinigung Deutschlands hat 1990 der Landkreis M\u00fcnchen eine Zusammenarbeit mit dem Landkreis Dresden begonnen, beides sog. Ringlandkreise um ihre jeweiligen Landeshauptst\u00e4dte in Bayern und Sachsen.<\/p>\n\n\n\n<p>Im Zusammenhang dazu erfolgte ein Besuch mit Besichtigungsfahrt in den Landkreis Dresden. Dabei ergaben sich Gespr\u00e4che unseres B\u00fcrgermeisters mit Vertretern der Gemeinde Liegau-Augustusbad, die dann zur kommunalen Zusammenarbeit f\u00fchrten\u201d.<\/p>\n\n\n\n<p>Die Gemeinde Aschheim hat nach der Wende im Jahr 1990 die Gemeinde Liegau-Augustusbad im Rahmen der Aufbauhilfe durch die \u00dcberlassung von technischem Ger\u00e4t, u.a. einem Schneepflug f\u00fcr den Bauhof, sowie einem Regalsystem f\u00fcr die B\u00fccherei zu jeweils einem Verkaufspreis von 1,00 DM unterst\u00fctzt. Auch die Freiwillige Feuerwehr Aschheim hat sich mit der \u00dcbergabe des L\u00f6schfahrzeugs LF 8 an die Freiwillige Feuerwehr Liegau-Augustusbad im Jahr 1992 an der Aufbauhilfe beteiligt.<\/p>\n\n\n\n<p>In der Gemeinderatssitzung am 22. Oktober 1991 wurde die Kommunale Zusammenarbeit mit der Gemeinde Liegau-Augustusbad im Landkreis Dresden beschlossen. Die Gemeinde liegt vom Stadtzentrum Dresden ca. 17 km entfernt und hatte damals 1.650 Einwohner bei einer Fl\u00e4chengr\u00f6\u00dfe von 3,51 qkm. Im Gemeindeleben waren 1991 zwei Anglervereine, der Sportverein-Chemie-Liegau und die Freiwillige Feuerwehr aktiv. Seit April 1995 ist die Gemeinde Liegau-Augustusbad ein Ortsteil der Stadt Radeberg und wechselte zusammen mit dieser bei der Kreisreform Sachsen 2008 vom Landkreis Dresden zum Landkreis Bautzen.<\/p>\n\n\n\n<p>Am 17. Juli 2010 unterzeichneten der damalige Ortsvorsteher Peter Adler (\u2020 19.09.2010), der damalige Oberb\u00fcrgermeister von Radeberg Gerhard Lemm, sowie der damalige B\u00fcrgermeister von Aschheim Helmut J. Englmann den Kommunalen Freundschaftsvertrag. Im November 2011 fuhr eine kleine Delegation unter der Leitung von Alex W\u00e4spy, Horst Peter und Achim J\u00e4nsch nach Liegau-Augustusbad und hat in der damaligen Silberdiele die ersten Kontakte gekn\u00fcpft.<\/p>\n\n\n\n<p>In den letzten Jahren besuchten der Burschenverein und die Blasmusik zu verschiedenen Anl\u00e4ssen die Partnergemeinde. Der Heimatverein und der Anglerverein von Liegau-Augustusbad waren auch regelm\u00e4\u00dfige Besucher in Aschheim. Zwischen den Feuerwehren und den Fu\u00dfballern haben sich intensive gegenseitige Besuche im Rahmen von Festen und Fu\u00dfballturnieren entwickelt. Die regelm\u00e4\u00dfigen Besuche des Aschheimer Komitees in Sachsen, wie zu Sommerfest, Teichfest und Stadtfest waren immer eine Bereicherung. Es fanden auch bereits zwei gemeindliche Reisen von Aschheimer Senioren in den Jahren 2016 und 2022 nach Liegau-Augustusbad statt. Bis Mitte 2023 haben fast 750 Personen an diesen Reisen\/Besuchen teilgenommen. Aus einer kommunalen Freundschaft ist die heutige Partnerschaft entstanden.<\/p>\n","protected":false},"excerpt":{"rendered":"<p>Nach der Wiedervereinigung Deutschlands hat 1990 der Landkreis M\u00fcnchen eine Zusammenarbeit mit dem Landkreis Dresden begonnen, beides sog. Ringlandkreise um ihre jeweiligen Landeshauptst\u00e4dte in Bayern und Sachsen. Im Zusammenhang dazu erfolgte ein Besuch mit Besichtigungsfahrt in den Landkreis Dresden. Dabei ergaben sich Gespr\u00e4che unseres B\u00fcrgermeisters mit Vertretern der Gemeinde Liegau-Augustusbad, die dann zur kommunalen Zusammenarbeit [&hellip;]<\/p>\n","protected":false},"author":1,"featured_media":0,"parent":39,"menu_order":2,"comment_status":"closed","ping_status":"closed","template":"","meta":{"footnotes":""},"class_list":["post-684","page","type-page","status-publish","hentry","post"],"_links":{"self":[{"href":"https:\/\/gpv-aschheim.de\/index.php?rest_route=\/wp\/v2\/pages\/684","targetHints":{"allow":["GET"]}}],"collection":[{"href":"https:\/\/gpv-aschheim.de\/index.php?rest_route=\/wp\/v2\/pages"}],"about":[{"href":"https:\/\/gpv-aschheim.de\/index.php?rest_route=\/wp\/v2\/types\/page"}],"author":[{"embeddable":true,"href":"https:\/\/gpv-aschheim.de\/index.php?rest_route=\/wp\/v2\/users\/1"}],"replies":[{"embeddable":true,"href":"https:\/\/gpv-aschheim.de\/index.php?rest_route=%2Fwp%2Fv2%2Fcomments&post=684"}],"version-history":[{"count":3,"href":"https:\/\/gpv-aschheim.de\/index.php?rest_route=\/wp\/v2\/pages\/684\/revisions"}],"predecessor-version":[{"id":1129,"href":"https:\/\/gpv-aschheim.de\/index.php?rest_route=\/wp\/v2\/pages\/684\/revisions\/1129"}],"up":[{"embeddable":true,"href":"https:\/\/gpv-aschheim.de\/index.php?rest_route=\/wp\/v2\/pages\/39"}],"wp:attachment":[{"href":"https:\/\/gpv-aschheim.de\/index.php?rest_route=%2Fwp%2Fv2%2Fmedia&parent=684"}],"curies":[{"name":"wp","href":"https:\/\/api.w.org\/{rel}","templated":true}]}}