{"id":95,"date":"2023-05-17T10:51:21","date_gmt":"2023-05-17T10:51:21","guid":{"rendered":"https:\/\/gpv-aschheim.de\/?page_id=95"},"modified":"2026-04-14T15:48:21","modified_gmt":"2026-04-14T15:48:21","slug":"datenschutz","status":"publish","type":"page","link":"https:\/\/gpv-aschheim.de\/?page_id=95","title":{"rendered":"Datenschutz"},"content":{"rendered":"\n<h1 class=\"wp-block-heading\">DATENSCHUTZERKL\u00c4RUNG<\/h1>\n\n\n\n<p>Datenschutz ist uns ein besonders wichtiges Anliegen, und selbstverst\u00e4ndlich halten wir uns an die geltenden datenschutzrechtlichen Vorgaben. Wir m\u00f6chten Sie daher nachfolgend \u00fcber die mit dem Besuch dieser Website verbundene Verarbeitung von personenbezogenen Daten aufkl\u00e4ren und Sie \u00fcber Ihre entsprechenden Rechte informieren:<\/p>\n\n\n\n<h2 class=\"wp-block-heading\">Verantwortlicher im Sinne des Art. 4 Nr. 7 DSGVO<\/h2>\n\n\n\n<p>Gemeindepartnerschaftsverein Aschheim e. V.<\/p>\n\n\n\n<p>Dr. Wolfhard Pinkowski (1. Vorsitzender)<br>Marsstr. 11<br>85609 Aschheim<\/p>\n\n\n\n<h2 class=\"wp-block-heading\">Kontakt<\/h2>\n\n\n\n<p>Telefon: +49 89 90 441 34<br>E-Mail: info@gpv-aschheim.de<\/p>\n\n\n\n<h2 class=\"wp-block-heading\">Arten der verarbeitenden Daten<\/h2>\n\n\n\n<p>Beim Besuch unserer Website werden auf verschiedene Weise personenbezogene Daten der Nutzer erfasst. Personenbezogene Daten sind solche Daten, mit denen eine nat\u00fcrliche Person identifiziert werden kann. Dazu geh\u00f6ren beispielsweise der Name des Betroffenen, seine Wohnadresse, seine Telefonnummer oder auch sein Geburtsdatum. Wenn Sie unsere Seite aufrufen, werden zum einen durch Ihren Browser automatisch Informationen an den Server unserer Website gesendet, sog. Zugriffsdaten bzw. Server- Logfiles, wie z.B. der verwendete Webbrowser und das verwendete Betriebssystem, der Domain-Name Ihre Internet-Providers, Ihre IP-Adresse oder auch der sog. Zeitstempel, also der genaue Zeitpunkt und die Dauer Ihres Besuchs. Diese Daten m\u00fcssen notwendigerweise erfasst werden, um technisch eine Darstellung und Verbindung herzustellen. Eine Datenauswertung erfolgt jedoch nicht, auch nicht in anonymisierter Form.Dar\u00fcber hinaus erfassen wir diejenigen personenbezogenen Daten, die Sie selbst bewusst auf unserer Homepage angeben, etwa durch Nutzung unseres Kontaktformulars oder unseres Antragsformulars f\u00fcr eine Mitgliedschaft. Die Verwendung unseres Kontaktformulars ist nicht mit einer Speicherung personenbezogenen Daten auf unserem Server verbunden; das Formular wird als E-Mail versandt.<\/p>\n\n\n\n<p>Zusammenfassend handelt es sich um folgende Kategorien von Daten:<\/p>\n\n\n\n<ul class=\"wp-block-list\">\n<li>Kontaktdaten: (z. B. Name, Adresse, E-Mail-Adresse, Telefonnummer, Geburtsdatum)<\/li>\n\n\n\n<li>inhaltliche Daten: (z. B. eingestellte Texte und \u00fcbersandte Nachrichten, eingestellte Fotos, und Videos)<\/li>\n\n\n\n<li>Kommunikationsdaten: (z. B. Ger\u00e4te-Informationen, IP-Adresse)<\/li>\n\n\n\n<li>Nutzungsdaten: (z. B. besuchte Website, Nutzungsdauer etc.)<\/li>\n<\/ul>\n\n\n\n<h2 class=\"wp-block-heading\">Rechtsgrundlage f\u00fcr die Verarbeitung:<\/h2>\n\n\n\n<p>Als ma\u00dfgebliche Rechtsgrundlagen f\u00fcr die Zul\u00e4ssigkeit der Verarbeitung dienen die EU- Datenschutzgrundverordnung 2018\/1725 vom 23. Oktober 2018 sowie das Bundesdatenschutzgesetz i.d.F. v. 1. Dezember 2021. Die Rechtm\u00e4\u00dfigkeit der Datenerfassung ergibt sich aus Art. 6 DSGVO.<\/p>\n\n\n\n<p>F\u00fcr die Datenverarbeitung, die zum Beantworten f\u00fcr Anfragen erforderlich sind,ist das mitgliedschaftliche Vertragsverh\u00e4ltnis zwischen Ihnen und dem Verein in Verbindung mit Art. 6 Abs. 1 b) DSGVO Rechtsgrundlage.<\/p>\n\n\n\n<p>Soweit wir im Einzelfall zur Datenverarbeitung rechtlich verpflichtet sind, ist hierf\u00fcr Art. 6 Abs. 1 c) DSGVO Grundlage; im dem Fall, dass die Verarbeitung der Wahrung unserer berechtigten Interessen dient, Art. 6 Abs. 1 f) DSGVO.<\/p>\n\n\n\n<h2 class=\"wp-block-heading\">Zweck und Dauer der Datenverarbeitung:<\/h2>\n\n\n\n<p>Die automatische Erfassung Ihrer Nutzer- und Kommunikationsdaten beim Besuch unserer Website dient notwendigerweise der Herstellung der technischen Verbindung und Nutzbarkeit unserer Website. Soweit Sie das auf unserer Homepage enthaltene Kontaktformular verwenden oder Sie uns \u00fcber die Seite eine E-Mail schicken, dient die Erfassung der in diesem Zusammenhang bekannt gegebenen Kontaktdaten (in der Regel nur Name und E-Mail-Adresse) lediglich der entsprechenden R\u00fcckmeldung unsererseits. Eventuelle zus\u00e4tzliche Angaben, die Sie uns \u00fcbermitteln, werden allein dem Zweck und Anlass entsprechend verarbeitet. Nach Wegfall des Grundes f\u00fcr die Speicherung, werden die Daten unverz\u00fcglich gel\u00f6scht oder \u2013 sofern im Einzelfall erforderlich \u2013 gesperrt. Wenn Sie unser Formular f\u00fcr einen Antrag auf Vereinsmitgliedschaft nutzen, werden Ihre dort gemachten Angaben allein zur Begr\u00fcndung und Durchf\u00fchrung des mitgliedschaftlichen Vertragsverh\u00e4ltnisses verwendet. Diese Daten werden lediglich f\u00fcr die Dauer der Vereinsmitgliedschaft im Rahmen unserer Mitgliederverwaltung gespeichert und ausschlie\u00dflich hierf\u00fcr genutzt. Nach Beendigung der Mitgliedschaft werden die Daten gel\u00f6scht oder \u2013 soweit notwendig \u2013 gesperrt.<\/p>\n\n\n\n<p>Eine dar\u00fcber hinausgehende Weitergabe an andere Dritte findet nicht statt. Das Mitglied hat das Recht, seine Einwilligung auf Speicherung sowie auf Weitergabe an andere Mitglieder jederzeit zu widerrufen.<\/p>\n\n\n\n<h2 class=\"wp-block-heading\">Weitergabe von personenbezogenen Daten:<\/h2>\n\n\n\n<p>Die von Ihnen \u00fcbermittelten personenbezogenen Daten werden nicht an Dritte weitergegeben, weder zu kommerziellen noch zu nichtkommerziellen Zwecken.<\/p>\n\n\n\n<h2 class=\"wp-block-heading\">Datensicherheit:<\/h2>\n\n\n\n<p>Wir versichern, dass wir die nach Art. 32 DSGVO erforderlichen technischen sowie organisatorischen Ma\u00dfnahmen ergriffen haben, um ein dem Risiko f\u00fcr die Rechte und Freiheiten des Nutzers angemessenes Schutzniveau zu gew\u00e4hrleisten. Dies betrifft insbesondere die Auswahl der verwendeten Hard- und Software sowie die innerorganisatorische Kontrolle und Zugriffsberechtigung.<\/p>\n\n\n\n<p>Nichtsdestotrotz wird vorsorglich darauf hingewiesen, dass die Daten\u00fcbertragung im Internet (z.B. per E-Mail) immer gewisse Sicherheitsl\u00fccken aufweisen und nicht vollumf\u00e4nglich vor dem Zugriff durch Dritte gesch\u00fctzt werden kann.<\/p>\n\n\n\n<h2 class=\"wp-block-heading\">Rechte des Betroffenen:<\/h2>\n\n\n\n<p>Sie haben hinsichtlich der Verarbeitung Ihrer personenbezogenen Daten nach den geltenden datenschutzrechtlichen Bestimmungen insbesondere einen Anspruch auf o Information und Auskunft \u00fcber die von uns vorgenommene Verarbeitung Ihrer personenbezogenen Daten (Art. 15 DSGVO), o auf Berichtigung und Vervollst\u00e4ndigung bez\u00fcglich unrichtiger bzw. unvollst\u00e4ndiger Daten (Art. 16 DSGVO) und o auf L\u00f6schung nach Ma\u00dfgabe des Art. 17 DSGVO bzw. auf Einschr\u00e4nkung nach Art. 18 DSGVO.<\/p>\n\n\n\n<h2 class=\"wp-block-heading\">Widerspruch und Widerruf von Einwilligungen:<\/h2>\n\n\n\n<p>Soweit Ihre personenbezogenen Daten im Rahmen des Art. 6 Abs. 1 f) DSGVO erhoben und verarbeitet werden (d.h. bei Vorliegen berechtigter Interessen des Verantwortlichen), haben Sie nach Art. 21 DSGVO das Recht, hiergegen jederzeit Widerspruch einzulegen, wenn insoweit Gr\u00fcnde bestehen, die sich aus Ihrer besonderen Situation ergeben, oder wenn sich der Widerspruch gegen eine Direktwerbung richtet.<\/p>\n\n\n\n<p>Soweit eine Datenverarbeitung aufgrund Ihrer diesbez\u00fcglichen vorherigen Einwilligung erfolgt ist, steht es Ihnen jederzeit frei, Ihre Einwilligung in den betreffenden Datenverarbeitungsvorgang zu widerrufen.<\/p>\n\n\n\n<p>Sowohl f\u00fcr den Widerspruch als auch f\u00fcr den Widerruf gen\u00fcgt eine einfache Mitteilung per E-Mail an uns. Die betreffenden personenbezogenen Daten werden dann unverz\u00fcglich gel\u00f6scht.<\/p>\n\n\n\n<h2 class=\"wp-block-heading\">Beschwerderecht:<\/h2>\n\n\n\n<p>Nach Art. 77 DSGVO hat ein Betroffener im Falle eines datenschutzrechtlichen Versto\u00dfes das Recht, sich mit einer entsprechenden Beschwerde an die zust\u00e4ndige Aufsichtsbeh\u00f6rde zu wenden. Hierbei handelt es sich um den Datenschutzbeauftragten des Landes Bayern.<\/p>\n\n\n\n<h2 class=\"wp-block-heading\">Verschl\u00fcsselung:<\/h2>\n\n\n\n<p>Aus Sicherheitsgr\u00fcnden nutzen wir auf unserer Seite eine SSL- bzw. TLS-Verschl\u00fcsselung, was Sie an dem Schloss-Symbol in der Browserzeile sowie an der Abk\u00fcrzung \u201ehttps:\/\/\u201c (statt \u201ehttp:\/\/\u201c) erkennen k\u00f6nnen. Ist die Verschl\u00fcsselung aktiv, k\u00f6nnen Daten bzw. inhaltliche Angaben, die Sie an uns \u00fcbermitteln, von Dritten nicht mitgelesen werden.<\/p>\n\n\n\n<h2 class=\"wp-block-heading\">Verlinkung zu anderen Webseiten:<\/h2>\n\n\n\n<p>Soweit Sie eine Verlinkung auf unserer Webseite nutzen, die Sie zu einer anderen Webseite weiterleitet, wird f\u00fcr die Rechtm\u00e4\u00dfigkeit der dortigen Inhalte und die dortige Einhaltung des Datenschutzes keine Haftung \u00fcbernommen. Insoweit ist ausschlie\u00dflich der Betreiber der entsprechenden Homepage verantwortlich.<\/p>\n\n\n\n<h2 class=\"wp-block-heading\">Newsletter:<\/h2>\n\n\n\n<p>Wenn Sie den von uns angebotenen Newsletter beziehen m\u00f6chten, bitten wir Sie, Ihre E- Mail-Adresse an der gekennzeichneten Stelle einzutragen. Sie erhalten dann eine entsprechende R\u00fcckantwort von uns mit der Bitte, die Bestellung des Newsletters nochmals kurz zu best\u00e4tigen und uns damit zugleich Ihr Einverst\u00e4ndnis mit der Speicherung und Nutzung Ihrer Kontaktdaten zur \u00dcbermittlung des Newsletters zu erteilen. Eine dar\u00fcber hinausgehende Verarbeitung Ihrer Daten findet nicht statt. Ihre Einwilligung zur Speicherung und Nutzung Ihrer Daten k\u00f6nnen Sie jederzeit widerrufen. Hierzu gen\u00fcgt eine kurze E-Mail mit dem Hinweis, dass Sie den Newsletter abbestellen wollen. Ihre Daten werden im Anschluss unverz\u00fcglich gel\u00f6scht. Davon bleiben Daten, die wir aufgrund eines anderen Rechtsgrundes gespeichert haben, unber\u00fchrt.<\/p>\n\n\n\n<p><\/p>\n\n\n\n<p><\/p>\n\n\n\n<p><\/p>\n","protected":false},"excerpt":{"rendered":"<p>DATENSCHUTZERKL\u00c4RUNG Datenschutz ist uns ein besonders wichtiges Anliegen, und selbstverst\u00e4ndlich halten wir uns an die geltenden datenschutzrechtlichen Vorgaben. Wir m\u00f6chten Sie daher nachfolgend \u00fcber die mit dem Besuch dieser Website verbundene Verarbeitung von personenbezogenen Daten aufkl\u00e4ren und Sie \u00fcber Ihre entsprechenden Rechte informieren: Verantwortlicher im Sinne des Art. 4 Nr. 7 DSGVO Gemeindepartnerschaftsverein Aschheim e. [&hellip;]<\/p>\n","protected":false},"author":1,"featured_media":0,"parent":0,"menu_order":0,"comment_status":"closed","ping_status":"closed","template":"","meta":{"footnotes":""},"class_list":["post-95","page","type-page","status-publish","hentry","post"],"_links":{"self":[{"href":"https:\/\/gpv-aschheim.de\/index.php?rest_route=\/wp\/v2\/pages\/95","targetHints":{"allow":["GET"]}}],"collection":[{"href":"https:\/\/gpv-aschheim.de\/index.php?rest_route=\/wp\/v2\/pages"}],"about":[{"href":"https:\/\/gpv-aschheim.de\/index.php?rest_route=\/wp\/v2\/types\/page"}],"author":[{"embeddable":true,"href":"https:\/\/gpv-aschheim.de\/index.php?rest_route=\/wp\/v2\/users\/1"}],"replies":[{"embeddable":true,"href":"https:\/\/gpv-aschheim.de\/index.php?rest_route=%2Fwp%2Fv2%2Fcomments&post=95"}],"version-history":[{"count":6,"href":"https:\/\/gpv-aschheim.de\/index.php?rest_route=\/wp\/v2\/pages\/95\/revisions"}],"predecessor-version":[{"id":1242,"href":"https:\/\/gpv-aschheim.de\/index.php?rest_route=\/wp\/v2\/pages\/95\/revisions\/1242"}],"wp:attachment":[{"href":"https:\/\/gpv-aschheim.de\/index.php?rest_route=%2Fwp%2Fv2%2Fmedia&parent=95"}],"curies":[{"name":"wp","href":"https:\/\/api.w.org\/{rel}","templated":true}]}}